{"id":1788,"date":"2016-01-03T08:00:21","date_gmt":"2016-01-03T07:00:21","guid":{"rendered":"https:\/\/molnarkozmetika.hu\/en\/cosmetics-treatment\/szortelenites\/tus-epilalas\/"},"modified":"2023-11-08T16:30:45","modified_gmt":"2023-11-08T15:30:45","slug":"tusepilalas","status":"publish","type":"page","link":"https:\/\/molnarkozmetika.hu\/en\/cosmetics-treatment\/szortelenites\/tusepilalas\/","title":{"rendered":"T\u0171s epil\u00e1l\u00e1s"},"content":{"rendered":"<p>A t\u0171s epil\u00e1l\u00e1s azok sz\u00e1m\u00e1ra ny\u00fajt megold\u00e1st, akik vil\u00e1gos sz\u0151r\u00f6kkel rendelkeznek, vagy azoknak, akiknek csak elv\u00e9tve van n\u00e9h\u00e1ny sz\u0151rsz\u00e1luk, amit\u0151l meg szeretn\u00e9nek szabadulni.<\/p>\n<p>F\u0151k\u00e9nt az \u00e1llon \u00e9s az arcon meger\u0151s\u00f6d\u00f6tt sz\u0151rsz\u00e1lak kezel\u00e9s\u00e9re aj\u00e1nlom.<\/p>\n<h3>A KEZEL\u00c9S FOLYAMATA<\/h3>\n<ol>\n<li>ert\u0151tlen\u00edt\u00e9s<\/li>\n<li>egy v\u00e9kony t\u0171 bevezet\u00e9se a sz\u0151rsz\u00e1l ment\u00e9n<\/li>\n<li>r\u00e1adjuk az elektromos \u00e1ramot, ami kicsapja a feh\u00e9rj\u00e9t,s ez\u00e1ltal roncsol\u00f3dnak a sz\u0151rsz\u00e1ltermel\u0151 sejtek<\/li>\n<li>kih\u00fazzuk a sz\u0151rt<\/li>\n<li>ut\u00f3kezel\u00fcnk<\/li>\n<\/ol>\n<h3>A SZ\u0150R N\u00d6VEKED\u00c9S\u00c9NEK H\u00c1ROM F\u00c1ZISA VAN<\/h3>\n<ol>\n<li>Amikor a sz\u0151r n\u00f6vekedik<\/li>\n<li>Stagn\u00e1l<\/li>\n<li>Kil\u00f6k\u0151dik (b\u00e1rmennyire is hihetetlen, de a sz\u0151rsz\u00e1lak is ugyan\u00fagy hullanak, mint a hajsz\u00e1lak<\/li>\n<\/ol>\n<p>A kezel\u00e9s csak akkor lehet hat\u00e1sos, ha a sz\u0151r \u00e9ppen n\u00f6veked\u00e9si f\u00e1zisban van, ez\u00e9rt t\u00f6bb kezel\u00e9sre is sz\u00fcks\u00e9g lehet.<\/p>\n<h3><a href=\"https:\/\/molnarkozmetika.hu\/wp-content\/uploads\/2013\/08\/image-5.png\"><img loading=\"lazy\" decoding=\"async\" class=\"aligncenter size-full wp-image-1686\" src=\"https:\/\/molnarkozmetika.hu\/wp-content\/uploads\/2013\/08\/image-5.png\" alt=\"tusepilalas\" width=\"981\" height=\"391\" srcset=\"https:\/\/molnarkozmetika.hu\/wp-content\/uploads\/2013\/08\/image-5.png 981w, https:\/\/molnarkozmetika.hu\/wp-content\/uploads\/2013\/08\/image-5-300x120.png 300w, https:\/\/molnarkozmetika.hu\/wp-content\/uploads\/2013\/08\/image-5-768x306.png 768w\" sizes=\"(max-width: 981px) 100vw, 981px\" \/><\/a>K\u00e9rd\u00e9sek \u00e9s v\u00e1laszok epil\u00e1l\u00e1ssal kapcsolatban<\/h3>\n<ol>\n<li><strong>F\u00e1jdalmas-e a kezel\u00e9s?<br \/>\n<\/strong>Az, ahogy a t\u0171t bevezetj\u00fck a sz\u0151rt\u00fcsz\u0151 ment\u00e9n az f\u00e1jdalommentes, de az elektromos \u00e1ram hat\u00e1s\u00e1ra f\u00e1jdalom\u00e9rzet l\u00e9p fel.<\/li>\n<li><strong>Marad-e heg a kezel\u00e9s ut\u00e1n?<br \/>\n<\/strong>Enyhe p\u00f6rk \u00e9s b\u0151rp\u00edr maradhat, ami elm\u00falik, a l\u00e9nyeg az, hogy ne kapargassuk \u00e9s tart\u00f3zkodjunk a napoz\u00e1st\u00f3l \u00e9s szol\u00e1riumoz\u00e1st\u00f3l.<\/li>\n<li><strong>Ezt a tart\u00f3s sz\u0151rtelen\u00edt\u00e9si kezel\u00e9st is csak \u0151szt\u0151l tavaszig lehet v\u00e9gezni?<br \/>\n<\/strong>Mivel ny\u00e1ron nagyobb a gyullad\u00e1s \u00e9s pigment\u00e1ci\u00f3 vesz\u00e9ly, ez\u00e9rt ezt a kezel\u00e9st \u0151sszel \u00e9rdemes elkezdeni, de fontosnak tartom elmondani, hogy a t\u00e9len, amikor fagy, akkor sem v\u00e9gz\u00fcnk ilyen kezel\u00e9st.<\/li>\n<li><strong>Mennyire higi\u00e9nikus egy ilyen kezel\u00e9s?<br \/>\n<\/strong>Minden vend\u00e9gnek saj\u00e1t t\u0171je van, \u00edgy teljesen biztons\u00e1gos.<\/li>\n<li><strong>Egy alkalommal megszabadulhatunk az \u00f6sszes nem k\u00edv\u00e1natos sz\u0151rt\u0151l?<br \/>\n<\/strong>Nem. Mivel enn\u00e9l a kezel\u00e9sn\u00e9l enyh\u00e9n s\u00e9r\u00fcl a b\u0151r, ez\u00e9rt meg van szabva, hogy mekkora t\u00e1vols\u00e1gra l\u00e9v\u0151 sz\u00e1lakat kezelhet\u00fcnk.<\/li>\n<li><strong>Milyen helyekr\u0151l nem szabad epil\u00e1ltatni?<br \/>\n<\/strong>Anyajegyb\u0151l, szem\u00f6ld\u00f6kb\u0151l, f\u00fclb\u0151l, orrb\u00f3l, hal\u00e1nt\u00e9kn\u00e1l, h\u00f3naljn\u00e1l, toka s \u00e1ll ter\u00fclet\u00e9n, \u00e9s bikinivonaln\u00e1l is csak nagy k\u00f6r\u00fcltekint\u00e9ssel!<\/li>\n<li><strong>Milyen esetekben nem lehet epil\u00e1ltatni?<br \/>\n<\/strong>Ha valaki l\u00e1zas, cukorbeteg, v\u00e9rz\u00e9keny, fert\u0151z\u0151 beteg, f\u00e9mimplant\u00e1tuma van, keloidos vagy atr\u00f3fi\u00e1s hegre hajlamos, daganatos betegs\u00e9gben szenved, kiskor\u00fa vagy ha kisbab\u00e1t v\u00e1r.<\/p>\n<div class=\"wrapped clearfix\">\n<article class=\"post-222 page type-page status-publish hentry\">\n<div class=\"entry-content\">\n<p style=\"text-align: right;\"><span style=\"color: #999999;\"><em>\u00c1ra: Els\u0151 (pr\u00f3ba) kezel\u00e9s: 15.000.-<\/em><\/span><\/p>\n<p style=\"text-align: right;\"><span style=\"color: #999999;\"><em>\u00a0Tov\u00e1bbiakban minden megkezdett negyed \u00f3ra 8000.-<\/em><\/span><\/p>\n<p style=\"text-align: right;\">\n<\/div>\n<footer><\/footer>\n<\/article>\n<\/div>\n<\/li>\n<\/ol>\n","protected":false},"excerpt":{"rendered":"<p>A t\u0171s epil\u00e1l\u00e1s azok sz\u00e1m\u00e1ra ny\u00fajt megold\u00e1st, akik vil\u00e1gos sz\u0151r\u00f6kkel rendelkeznek, vagy azoknak, akiknek csak elv\u00e9tve van n\u00e9h\u00e1ny sz\u0151rsz\u00e1luk, amit\u0151l meg szeretn\u00e9nek szabadulni. F\u0151k\u00e9nt az \u00e1llon \u00e9s az arcon meger\u0151s\u00f6d\u00f6tt sz\u0151rsz\u00e1lak kezel\u00e9s\u00e9re aj\u00e1nlom. A KEZEL\u00c9S FOLYAMATA ert\u0151tlen\u00edt\u00e9s egy v\u00e9kony t\u0171 &hellip; <a href=\"https:\/\/molnarkozmetika.hu\/en\/cosmetics-treatment\/szortelenites\/tusepilalas\/\">Continued<\/a><\/p>\n","protected":false},"author":1,"featured_media":0,"parent":1440,"menu_order":3,"comment_status":"open","ping_status":"closed","template":"template-kezeles.php","meta":{"footnotes":""},"class_list":["post-1788","page","type-page","status-publish","hentry"],"yoast_head":"<!-- This site is optimized with the Yoast SEO plugin v25.3 - https:\/\/yoast.com\/wordpress\/plugins\/seo\/ -->\n<title>T\u0171s epil\u00e1l\u00e1s - Moln\u00e1r Kozmetika<\/title>\n<meta name=\"robots\" content=\"index, follow, max-snippet:-1, max-image-preview:large, max-video-preview:-1\" \/>\n<link rel=\"canonical\" href=\"https:\/\/molnarkozmetika.hu\/en\/cosmetics-treatment\/szortelenites\/tusepilalas\/\" \/>\n<meta property=\"og:locale\" content=\"en_US\" \/>\n<meta property=\"og:type\" content=\"article\" \/>\n<meta property=\"og:title\" content=\"T\u0171s epil\u00e1l\u00e1s - Moln\u00e1r Kozmetika\" \/>\n<meta property=\"og:description\" content=\"A t\u0171s epil\u00e1l\u00e1s azok sz\u00e1m\u00e1ra ny\u00fajt megold\u00e1st, akik vil\u00e1gos sz\u0151r\u00f6kkel rendelkeznek, vagy azoknak, akiknek csak elv\u00e9tve van n\u00e9h\u00e1ny sz\u0151rsz\u00e1luk, amit\u0151l meg szeretn\u00e9nek szabadulni. F\u0151k\u00e9nt az \u00e1llon \u00e9s az arcon meger\u0151s\u00f6d\u00f6tt sz\u0151rsz\u00e1lak kezel\u00e9s\u00e9re aj\u00e1nlom. A KEZEL\u00c9S FOLYAMATA ert\u0151tlen\u00edt\u00e9s egy v\u00e9kony t\u0171 &hellip; Continued\" \/>\n<meta property=\"og:url\" content=\"https:\/\/molnarkozmetika.hu\/en\/cosmetics-treatment\/szortelenites\/tusepilalas\/\" \/>\n<meta property=\"og:site_name\" content=\"Moln\u00e1r Kozmetika\" \/>\n<meta property=\"article:modified_time\" content=\"2023-11-08T15:30:45+00:00\" \/>\n<meta property=\"og:image\" content=\"https:\/\/molnarkozmetika.hu\/wp-content\/uploads\/2013\/08\/image-5.png\" \/>\n<meta name=\"twitter:label1\" content=\"Est. reading time\" \/>\n\t<meta name=\"twitter:data1\" content=\"2 minutes\" \/>\n<script type=\"application\/ld+json\" class=\"yoast-schema-graph\">{\"@context\":\"https:\/\/schema.org\",\"@graph\":[{\"@type\":\"WebPage\",\"@id\":\"https:\/\/molnarkozmetika.hu\/en\/cosmetics-treatment\/szortelenites\/tusepilalas\/\",\"url\":\"https:\/\/molnarkozmetika.hu\/en\/cosmetics-treatment\/szortelenites\/tusepilalas\/\",\"name\":\"T\u0171s epil\u00e1l\u00e1s - Moln\u00e1r Kozmetika\",\"isPartOf\":{\"@id\":\"https:\/\/molnarkozmetika.hu\/#website\"},\"primaryImageOfPage\":{\"@id\":\"https:\/\/molnarkozmetika.hu\/en\/cosmetics-treatment\/szortelenites\/tusepilalas\/#primaryimage\"},\"image\":{\"@id\":\"https:\/\/molnarkozmetika.hu\/en\/cosmetics-treatment\/szortelenites\/tusepilalas\/#primaryimage\"},\"thumbnailUrl\":\"https:\/\/molnarkozmetika.hu\/wp-content\/uploads\/2013\/08\/image-5.png\",\"datePublished\":\"2016-01-03T07:00:21+00:00\",\"dateModified\":\"2023-11-08T15:30:45+00:00\",\"breadcrumb\":{\"@id\":\"https:\/\/molnarkozmetika.hu\/en\/cosmetics-treatment\/szortelenites\/tusepilalas\/#breadcrumb\"},\"inLanguage\":\"en-US\",\"potentialAction\":[{\"@type\":\"ReadAction\",\"target\":[\"https:\/\/molnarkozmetika.hu\/en\/cosmetics-treatment\/szortelenites\/tusepilalas\/\"]}]},{\"@type\":\"ImageObject\",\"inLanguage\":\"en-US\",\"@id\":\"https:\/\/molnarkozmetika.hu\/en\/cosmetics-treatment\/szortelenites\/tusepilalas\/#primaryimage\",\"url\":\"https:\/\/molnarkozmetika.hu\/wp-content\/uploads\/2013\/08\/image-5.png\",\"contentUrl\":\"https:\/\/molnarkozmetika.hu\/wp-content\/uploads\/2013\/08\/image-5.png\"},{\"@type\":\"BreadcrumbList\",\"@id\":\"https:\/\/molnarkozmetika.hu\/en\/cosmetics-treatment\/szortelenites\/tusepilalas\/#breadcrumb\",\"itemListElement\":[{\"@type\":\"ListItem\",\"position\":1,\"name\":\"Kezd\u0151lap\",\"item\":\"https:\/\/molnarkozmetika.hu\/en\/\"},{\"@type\":\"ListItem\",\"position\":2,\"name\":\"Cosmetics treatment\",\"item\":\"https:\/\/molnarkozmetika.hu\/en\/cosmetics-treatment\/\"},{\"@type\":\"ListItem\",\"position\":3,\"name\":\"Depilation\",\"item\":\"https:\/\/molnarkozmetika.hu\/en\/cosmetics-treatment\/szortelenites\/\"},{\"@type\":\"ListItem\",\"position\":4,\"name\":\"T\u0171s epil\u00e1l\u00e1s\"}]},{\"@type\":\"WebSite\",\"@id\":\"https:\/\/molnarkozmetika.hu\/#website\",\"url\":\"https:\/\/molnarkozmetika.hu\/\",\"name\":\"Moln\u00e1r Kozmetika\",\"description\":\"Kozmetika a belv\u00e1rosban\",\"potentialAction\":[{\"@type\":\"SearchAction\",\"target\":{\"@type\":\"EntryPoint\",\"urlTemplate\":\"https:\/\/molnarkozmetika.hu\/?s={search_term_string}\"},\"query-input\":{\"@type\":\"PropertyValueSpecification\",\"valueRequired\":true,\"valueName\":\"search_term_string\"}}],\"inLanguage\":\"en-US\"}]}<\/script>\n<!-- \/ Yoast SEO plugin. -->","yoast_head_json":{"title":"T\u0171s epil\u00e1l\u00e1s - Moln\u00e1r Kozmetika","robots":{"index":"index","follow":"follow","max-snippet":"max-snippet:-1","max-image-preview":"max-image-preview:large","max-video-preview":"max-video-preview:-1"},"canonical":"https:\/\/molnarkozmetika.hu\/en\/cosmetics-treatment\/szortelenites\/tusepilalas\/","og_locale":"en_US","og_type":"article","og_title":"T\u0171s epil\u00e1l\u00e1s - Moln\u00e1r Kozmetika","og_description":"A t\u0171s epil\u00e1l\u00e1s azok sz\u00e1m\u00e1ra ny\u00fajt megold\u00e1st, akik vil\u00e1gos sz\u0151r\u00f6kkel rendelkeznek, vagy azoknak, akiknek csak elv\u00e9tve van n\u00e9h\u00e1ny sz\u0151rsz\u00e1luk, amit\u0151l meg szeretn\u00e9nek szabadulni. F\u0151k\u00e9nt az \u00e1llon \u00e9s az arcon meger\u0151s\u00f6d\u00f6tt sz\u0151rsz\u00e1lak kezel\u00e9s\u00e9re aj\u00e1nlom. A KEZEL\u00c9S FOLYAMATA ert\u0151tlen\u00edt\u00e9s egy v\u00e9kony t\u0171 &hellip; Continued","og_url":"https:\/\/molnarkozmetika.hu\/en\/cosmetics-treatment\/szortelenites\/tusepilalas\/","og_site_name":"Moln\u00e1r Kozmetika","article_modified_time":"2023-11-08T15:30:45+00:00","og_image":[{"url":"https:\/\/molnarkozmetika.hu\/wp-content\/uploads\/2013\/08\/image-5.png","type":"","width":"","height":""}],"twitter_misc":{"Est. reading time":"2 minutes"},"schema":{"@context":"https:\/\/schema.org","@graph":[{"@type":"WebPage","@id":"https:\/\/molnarkozmetika.hu\/en\/cosmetics-treatment\/szortelenites\/tusepilalas\/","url":"https:\/\/molnarkozmetika.hu\/en\/cosmetics-treatment\/szortelenites\/tusepilalas\/","name":"T\u0171s epil\u00e1l\u00e1s - Moln\u00e1r Kozmetika","isPartOf":{"@id":"https:\/\/molnarkozmetika.hu\/#website"},"primaryImageOfPage":{"@id":"https:\/\/molnarkozmetika.hu\/en\/cosmetics-treatment\/szortelenites\/tusepilalas\/#primaryimage"},"image":{"@id":"https:\/\/molnarkozmetika.hu\/en\/cosmetics-treatment\/szortelenites\/tusepilalas\/#primaryimage"},"thumbnailUrl":"https:\/\/molnarkozmetika.hu\/wp-content\/uploads\/2013\/08\/image-5.png","datePublished":"2016-01-03T07:00:21+00:00","dateModified":"2023-11-08T15:30:45+00:00","breadcrumb":{"@id":"https:\/\/molnarkozmetika.hu\/en\/cosmetics-treatment\/szortelenites\/tusepilalas\/#breadcrumb"},"inLanguage":"en-US","potentialAction":[{"@type":"ReadAction","target":["https:\/\/molnarkozmetika.hu\/en\/cosmetics-treatment\/szortelenites\/tusepilalas\/"]}]},{"@type":"ImageObject","inLanguage":"en-US","@id":"https:\/\/molnarkozmetika.hu\/en\/cosmetics-treatment\/szortelenites\/tusepilalas\/#primaryimage","url":"https:\/\/molnarkozmetika.hu\/wp-content\/uploads\/2013\/08\/image-5.png","contentUrl":"https:\/\/molnarkozmetika.hu\/wp-content\/uploads\/2013\/08\/image-5.png"},{"@type":"BreadcrumbList","@id":"https:\/\/molnarkozmetika.hu\/en\/cosmetics-treatment\/szortelenites\/tusepilalas\/#breadcrumb","itemListElement":[{"@type":"ListItem","position":1,"name":"Kezd\u0151lap","item":"https:\/\/molnarkozmetika.hu\/en\/"},{"@type":"ListItem","position":2,"name":"Cosmetics treatment","item":"https:\/\/molnarkozmetika.hu\/en\/cosmetics-treatment\/"},{"@type":"ListItem","position":3,"name":"Depilation","item":"https:\/\/molnarkozmetika.hu\/en\/cosmetics-treatment\/szortelenites\/"},{"@type":"ListItem","position":4,"name":"T\u0171s epil\u00e1l\u00e1s"}]},{"@type":"WebSite","@id":"https:\/\/molnarkozmetika.hu\/#website","url":"https:\/\/molnarkozmetika.hu\/","name":"Moln\u00e1r Kozmetika","description":"Kozmetika a belv\u00e1rosban","potentialAction":[{"@type":"SearchAction","target":{"@type":"EntryPoint","urlTemplate":"https:\/\/molnarkozmetika.hu\/?s={search_term_string}"},"query-input":{"@type":"PropertyValueSpecification","valueRequired":true,"valueName":"search_term_string"}}],"inLanguage":"en-US"}]}},"_links":{"self":[{"href":"https:\/\/molnarkozmetika.hu\/en\/wp-json\/wp\/v2\/pages\/1788"}],"collection":[{"href":"https:\/\/molnarkozmetika.hu\/en\/wp-json\/wp\/v2\/pages"}],"about":[{"href":"https:\/\/molnarkozmetika.hu\/en\/wp-json\/wp\/v2\/types\/page"}],"author":[{"embeddable":true,"href":"https:\/\/molnarkozmetika.hu\/en\/wp-json\/wp\/v2\/users\/1"}],"replies":[{"embeddable":true,"href":"https:\/\/molnarkozmetika.hu\/en\/wp-json\/wp\/v2\/comments?post=1788"}],"version-history":[{"count":4,"href":"https:\/\/molnarkozmetika.hu\/en\/wp-json\/wp\/v2\/pages\/1788\/revisions"}],"predecessor-version":[{"id":18206,"href":"https:\/\/molnarkozmetika.hu\/en\/wp-json\/wp\/v2\/pages\/1788\/revisions\/18206"}],"up":[{"embeddable":true,"href":"https:\/\/molnarkozmetika.hu\/en\/wp-json\/wp\/v2\/pages\/1440"}],"wp:attachment":[{"href":"https:\/\/molnarkozmetika.hu\/en\/wp-json\/wp\/v2\/media?parent=1788"}],"curies":[{"name":"wp","href":"https:\/\/api.w.org\/{rel}","templated":true}]}}