{"id":1429,"date":"2013-07-26T16:33:04","date_gmt":"2013-07-26T14:33:04","guid":{"rendered":"https:\/\/molnarkozmetika.hu\/home-2\/"},"modified":"2015-07-18T20:18:06","modified_gmt":"2015-07-18T18:18:06","slug":"home","status":"publish","type":"page","link":"https:\/\/molnarkozmetika.hu\/en\/","title":{"rendered":"Introducing my activities"},"content":{"rendered":"<p>Always personalized and tailored to the current state of anti-wrinkle skin, skin cleansing and relaxing treatments are natural and high-tech active ingredients in a relaxed atmosphere, just concentrating on you.<\/p>\n","protected":false},"excerpt":{"rendered":"<p>Always personalized and tailored to the current state of anti-wrinkle skin, skin cleansing and relaxing treatments are natural and high-tech active ingredients in a relaxed atmosphere, just concentrating on you.<\/p>\n","protected":false},"author":1,"featured_media":0,"parent":1436,"menu_order":-1,"comment_status":"open","ping_status":"open","template":"template-home.php","meta":{"footnotes":""},"class_list":["post-1429","page","type-page","status-publish","hentry"],"yoast_head":"<!-- This site is optimized with the Yoast SEO plugin v25.3 - https:\/\/yoast.com\/wordpress\/plugins\/seo\/ -->\n<title>Moln\u00e1r Orsolya - A Kozmetikusom<\/title>\n<meta name=\"description\" content=\"Term\u00e9szetes anyagokat haszn\u00e1lok \u00e9s fontosnak tartom megteremteni a nyugodt l\u00e9gk\u00f6rt, hogy ez is el\u0151seg\u00edtse a kiv\u00e1l\u00f3 min\u0151s\u00e9g\u0171 szolg\u00e1ltat\u00e1st.\" \/>\n<meta name=\"robots\" content=\"index, follow, max-snippet:-1, max-image-preview:large, max-video-preview:-1\" \/>\n<link rel=\"canonical\" href=\"https:\/\/molnarkozmetika.hu\/en\/\" \/>\n<meta property=\"og:locale\" content=\"en_US\" \/>\n<meta property=\"og:type\" content=\"article\" \/>\n<meta property=\"og:title\" content=\"Moln\u00e1r Orsolya - A Kozmetikusom\" \/>\n<meta property=\"og:description\" content=\"Term\u00e9szetes anyagokat haszn\u00e1lok \u00e9s fontosnak tartom megteremteni a nyugodt l\u00e9gk\u00f6rt, hogy ez is el\u0151seg\u00edtse a kiv\u00e1l\u00f3 min\u0151s\u00e9g\u0171 szolg\u00e1ltat\u00e1st.\" \/>\n<meta property=\"og:url\" content=\"https:\/\/molnarkozmetika.hu\/en\/\" \/>\n<meta property=\"og:site_name\" content=\"Moln\u00e1r Kozmetika\" \/>\n<meta property=\"article:modified_time\" content=\"2015-07-18T18:18:06+00:00\" \/>\n<script type=\"application\/ld+json\" class=\"yoast-schema-graph\">{\"@context\":\"https:\/\/schema.org\",\"@graph\":[{\"@type\":\"WebPage\",\"@id\":\"https:\/\/molnarkozmetika.hu\/en\/\",\"url\":\"https:\/\/molnarkozmetika.hu\/en\/\",\"name\":\"Moln\u00e1r Orsolya - A Kozmetikusom\",\"isPartOf\":{\"@id\":\"https:\/\/molnarkozmetika.hu\/#website\"},\"datePublished\":\"2013-07-26T14:33:04+00:00\",\"dateModified\":\"2015-07-18T18:18:06+00:00\",\"description\":\"Term\u00e9szetes anyagokat haszn\u00e1lok \u00e9s fontosnak tartom megteremteni a nyugodt l\u00e9gk\u00f6rt, hogy ez is el\u0151seg\u00edtse a kiv\u00e1l\u00f3 min\u0151s\u00e9g\u0171 szolg\u00e1ltat\u00e1st.\",\"breadcrumb\":{\"@id\":\"https:\/\/molnarkozmetika.hu\/en\/#breadcrumb\"},\"inLanguage\":\"en-US\",\"potentialAction\":[{\"@type\":\"ReadAction\",\"target\":[\"https:\/\/molnarkozmetika.hu\/en\/\"]}]},{\"@type\":\"BreadcrumbList\",\"@id\":\"https:\/\/molnarkozmetika.hu\/en\/#breadcrumb\",\"itemListElement\":[{\"@type\":\"ListItem\",\"position\":1,\"name\":\"Kezd\u0151lap\",\"item\":\"https:\/\/molnarkozmetika.hu\/en\/\"},{\"@type\":\"ListItem\",\"position\":2,\"name\":\"Blog\",\"item\":\"https:\/\/molnarkozmetika.hu\/en\/blog\/\"},{\"@type\":\"ListItem\",\"position\":3,\"name\":\"Introducing my activities\"}]},{\"@type\":\"WebSite\",\"@id\":\"https:\/\/molnarkozmetika.hu\/#website\",\"url\":\"https:\/\/molnarkozmetika.hu\/\",\"name\":\"Moln\u00e1r Kozmetika\",\"description\":\"Kozmetika a belv\u00e1rosban\",\"potentialAction\":[{\"@type\":\"SearchAction\",\"target\":{\"@type\":\"EntryPoint\",\"urlTemplate\":\"https:\/\/molnarkozmetika.hu\/?s={search_term_string}\"},\"query-input\":{\"@type\":\"PropertyValueSpecification\",\"valueRequired\":true,\"valueName\":\"search_term_string\"}}],\"inLanguage\":\"en-US\"}]}<\/script>\n<!-- \/ Yoast SEO plugin. -->","yoast_head_json":{"title":"Moln\u00e1r Orsolya - A Kozmetikusom","description":"Term\u00e9szetes anyagokat haszn\u00e1lok \u00e9s fontosnak tartom megteremteni a nyugodt l\u00e9gk\u00f6rt, hogy ez is el\u0151seg\u00edtse a kiv\u00e1l\u00f3 min\u0151s\u00e9g\u0171 szolg\u00e1ltat\u00e1st.","robots":{"index":"index","follow":"follow","max-snippet":"max-snippet:-1","max-image-preview":"max-image-preview:large","max-video-preview":"max-video-preview:-1"},"canonical":"https:\/\/molnarkozmetika.hu\/en\/","og_locale":"en_US","og_type":"article","og_title":"Moln\u00e1r Orsolya - A Kozmetikusom","og_description":"Term\u00e9szetes anyagokat haszn\u00e1lok \u00e9s fontosnak tartom megteremteni a nyugodt l\u00e9gk\u00f6rt, hogy ez is el\u0151seg\u00edtse a kiv\u00e1l\u00f3 min\u0151s\u00e9g\u0171 szolg\u00e1ltat\u00e1st.","og_url":"https:\/\/molnarkozmetika.hu\/en\/","og_site_name":"Moln\u00e1r Kozmetika","article_modified_time":"2015-07-18T18:18:06+00:00","schema":{"@context":"https:\/\/schema.org","@graph":[{"@type":"WebPage","@id":"https:\/\/molnarkozmetika.hu\/en\/","url":"https:\/\/molnarkozmetika.hu\/en\/","name":"Moln\u00e1r Orsolya - A Kozmetikusom","isPartOf":{"@id":"https:\/\/molnarkozmetika.hu\/#website"},"datePublished":"2013-07-26T14:33:04+00:00","dateModified":"2015-07-18T18:18:06+00:00","description":"Term\u00e9szetes anyagokat haszn\u00e1lok \u00e9s fontosnak tartom megteremteni a nyugodt l\u00e9gk\u00f6rt, hogy ez is el\u0151seg\u00edtse a kiv\u00e1l\u00f3 min\u0151s\u00e9g\u0171 szolg\u00e1ltat\u00e1st.","breadcrumb":{"@id":"https:\/\/molnarkozmetika.hu\/en\/#breadcrumb"},"inLanguage":"en-US","potentialAction":[{"@type":"ReadAction","target":["https:\/\/molnarkozmetika.hu\/en\/"]}]},{"@type":"BreadcrumbList","@id":"https:\/\/molnarkozmetika.hu\/en\/#breadcrumb","itemListElement":[{"@type":"ListItem","position":1,"name":"Kezd\u0151lap","item":"https:\/\/molnarkozmetika.hu\/en\/"},{"@type":"ListItem","position":2,"name":"Blog","item":"https:\/\/molnarkozmetika.hu\/en\/blog\/"},{"@type":"ListItem","position":3,"name":"Introducing my activities"}]},{"@type":"WebSite","@id":"https:\/\/molnarkozmetika.hu\/#website","url":"https:\/\/molnarkozmetika.hu\/","name":"Moln\u00e1r Kozmetika","description":"Kozmetika a belv\u00e1rosban","potentialAction":[{"@type":"SearchAction","target":{"@type":"EntryPoint","urlTemplate":"https:\/\/molnarkozmetika.hu\/?s={search_term_string}"},"query-input":{"@type":"PropertyValueSpecification","valueRequired":true,"valueName":"search_term_string"}}],"inLanguage":"en-US"}]}},"_links":{"self":[{"href":"https:\/\/molnarkozmetika.hu\/en\/wp-json\/wp\/v2\/pages\/1429"}],"collection":[{"href":"https:\/\/molnarkozmetika.hu\/en\/wp-json\/wp\/v2\/pages"}],"about":[{"href":"https:\/\/molnarkozmetika.hu\/en\/wp-json\/wp\/v2\/types\/page"}],"author":[{"embeddable":true,"href":"https:\/\/molnarkozmetika.hu\/en\/wp-json\/wp\/v2\/users\/1"}],"replies":[{"embeddable":true,"href":"https:\/\/molnarkozmetika.hu\/en\/wp-json\/wp\/v2\/comments?post=1429"}],"version-history":[{"count":0,"href":"https:\/\/molnarkozmetika.hu\/en\/wp-json\/wp\/v2\/pages\/1429\/revisions"}],"up":[{"embeddable":true,"href":"https:\/\/molnarkozmetika.hu\/en\/wp-json\/wp\/v2\/pages\/1436"}],"wp:attachment":[{"href":"https:\/\/molnarkozmetika.hu\/en\/wp-json\/wp\/v2\/media?parent=1429"}],"curies":[{"name":"wp","href":"https:\/\/api.w.org\/{rel}","templated":true}]}}